{"id":120,"date":"2025-12-26T12:27:15","date_gmt":"2025-12-26T12:27:15","guid":{"rendered":"https:\/\/panateknik.com\/?page_id=120"},"modified":"2025-12-26T12:35:40","modified_gmt":"2025-12-26T12:35:40","slug":"siyah-beyaz-fotokopi-makineleri","status":"publish","type":"page","link":"https:\/\/panateknik.com\/?page_id=120","title":{"rendered":"Siyah\/Beyaz Fotokopi Makineleri"},"content":{"rendered":"\n<h1 class=\"wp-block-heading\">A3\/A4 Fotokopi Makineleri<\/h1>\n\n\n\n<p><strong>D\u00fcnya lideri markalardan olu\u015fan fotokopi makinesi\/yaz\u0131c\u0131 \u00fcr\u00fcn yelpazemizden i\u015fletmeniz i\u00e7in en uygun \u00fcr\u00fcn\u00fc se\u00e7in<\/strong><\/p>\n\n\n\n<div class=\"wp-block-media-text is-stacked-on-mobile\" style=\"grid-template-columns:15% auto\"><figure class=\"wp-block-media-text__media\"><img loading=\"lazy\" decoding=\"async\" width=\"410\" height=\"420\" src=\"https:\/\/panateknik.com\/wp-content\/uploads\/2025\/12\/image.png\" alt=\"\" class=\"wp-image-121 size-full\" srcset=\"https:\/\/panateknik.com\/wp-content\/uploads\/2025\/12\/image.png 410w, https:\/\/panateknik.com\/wp-content\/uploads\/2025\/12\/image-293x300.png 293w\" sizes=\"auto, (max-width: 410px) 100vw, 410px\" \/><\/figure><div class=\"wp-block-media-text__content\">\n<p><strong>ECOSYS M2135dn<\/strong><\/p>\n\n\n\n<p>ECOSYS serimizdeki en uygun fiyatl\u0131 \u00e7ok fonksiyonlu yaz\u0131c\u0131lar\u0131m\u0131zdan M2135dn, masa\u00fcst\u00fc kullan\u0131c\u0131lar\u0131 ve k\u00fc\u00e7\u00fck \u00e7al\u0131\u015fma gruplar\u0131n\u0131n taleplerini kar\u015f\u0131layacak \u00f6zelliklerle doludur.<\/p>\n\n\n\n<p>AirPrint, Mopria, KYOCERA Mobile Print<\/p>\n\n\n\n<p>Dakikada 35 sayfaya kadar A4 bask\u0131 h\u0131z\u0131<\/p>\n\n\n\n<p>Dubleks yazd\u0131rma, tek tarafl\u0131 fotokopi, renkli tarama ve faks<\/p>\n\n\n\n<p>Kimlikleri \u00e7ift tarafl\u0131 kolayca tek bir ka\u011f\u0131da kopyalama<\/p>\n<\/div><\/div>\n\n\n\n<div class=\"wp-block-media-text is-stacked-on-mobile\" style=\"grid-template-columns:15% auto\"><figure class=\"wp-block-media-text__media\"><img loading=\"lazy\" decoding=\"async\" width=\"407\" height=\"417\" src=\"https:\/\/panateknik.com\/wp-content\/uploads\/2025\/12\/image-3.png\" alt=\"\" class=\"wp-image-131 size-full\" srcset=\"https:\/\/panateknik.com\/wp-content\/uploads\/2025\/12\/image-3.png 407w, https:\/\/panateknik.com\/wp-content\/uploads\/2025\/12\/image-3-293x300.png 293w\" sizes=\"auto, (max-width: 407px) 100vw, 407px\" \/><\/figure><div class=\"wp-block-media-text__content\">\n<p><strong>ECOSYS M2135dn<\/strong><\/p>\n\n\n\n<p>ECOSYS serimizdeki en uygun fiyatl\u0131 \u00e7ok fonksiyonlu yaz\u0131c\u0131lar\u0131m\u0131zdan M2135dn, masa\u00fcst\u00fc kullan\u0131c\u0131lar\u0131 ve k\u00fc\u00e7\u00fck \u00e7al\u0131\u015fma gruplar\u0131n\u0131n taleplerini kar\u015f\u0131layacak \u00f6zelliklerle doludur.<\/p>\n\n\n\n<p>AirPrint, Mopria, KYOCERA Mobile Print<\/p>\n\n\n\n<p>Dakikada 35 sayfaya kadar A4 bask\u0131 h\u0131z\u0131<\/p>\n\n\n\n<p>Dubleks yazd\u0131rma, tek tarafl\u0131 fotokopi, renkli tarama ve faks<\/p>\n\n\n\n<p>Kimlikleri \u00e7ift tarafl\u0131 kolayca tek bir ka\u011f\u0131da kopyalama<\/p>\n<\/div><\/div>\n","protected":false},"excerpt":{"rendered":"<p>A3\/A4 Fotokopi Makineleri D\u00fcnya lideri markalardan olu\u015fan fotokopi makinesi\/yaz\u0131c\u0131 \u00fcr\u00fcn yelpazemizden i\u015fletmeniz i\u00e7in en uygun \u00fcr\u00fcn\u00fc se\u00e7in ECOSYS M2135dn ECOSYS serimizdeki en uygun fiyatl\u0131 \u00e7ok fonksiyonlu yaz\u0131c\u0131lar\u0131m\u0131zdan M2135dn, masa\u00fcst\u00fc kullan\u0131c\u0131lar\u0131 ve k\u00fc\u00e7\u00fck \u00e7al\u0131\u015fma gruplar\u0131n\u0131n taleplerini kar\u015f\u0131layacak \u00f6zelliklerle doludur. AirPrint, Mopria, KYOCERA Mobile Print Dakikada 35 sayfaya kadar A4 bask\u0131 h\u0131z\u0131 Dubleks yazd\u0131rma, tek tarafl\u0131 fotokopi, [&hellip;]<\/p>\n","protected":false},"author":1,"featured_media":0,"parent":0,"menu_order":0,"comment_status":"closed","ping_status":"closed","template":"","meta":{"footnotes":""},"class_list":["post-120","page","type-page","status-publish","hentry"],"_links":{"self":[{"href":"https:\/\/panateknik.com\/index.php?rest_route=\/wp\/v2\/pages\/120","targetHints":{"allow":["GET"]}}],"collection":[{"href":"https:\/\/panateknik.com\/index.php?rest_route=\/wp\/v2\/pages"}],"about":[{"href":"https:\/\/panateknik.com\/index.php?rest_route=\/wp\/v2\/types\/page"}],"author":[{"embeddable":true,"href":"https:\/\/panateknik.com\/index.php?rest_route=\/wp\/v2\/users\/1"}],"replies":[{"embeddable":true,"href":"https:\/\/panateknik.com\/index.php?rest_route=%2Fwp%2Fv2%2Fcomments&post=120"}],"version-history":[{"count":7,"href":"https:\/\/panateknik.com\/index.php?rest_route=\/wp\/v2\/pages\/120\/revisions"}],"predecessor-version":[{"id":132,"href":"https:\/\/panateknik.com\/index.php?rest_route=\/wp\/v2\/pages\/120\/revisions\/132"}],"wp:attachment":[{"href":"https:\/\/panateknik.com\/index.php?rest_route=%2Fwp%2Fv2%2Fmedia&parent=120"}],"curies":[{"name":"wp","href":"https:\/\/api.w.org\/{rel}","templated":true}]}}